{"id":3898,"date":"2026-02-02T11:53:27","date_gmt":"2026-02-02T15:53:27","guid":{"rendered":"https:\/\/teatrokadaken.wp.kukiko.com\/asinaki-nos-ta-hasie\/"},"modified":"2026-02-02T11:53:27","modified_gmt":"2026-02-02T15:53:27","slug":"asinaki-nos-ta-hasie","status":"publish","type":"page","link":"https:\/\/teatrokadaken.org\/pap\/asinaki-nos-ta-hasie\/","title":{"rendered":"Asin\u2019aki nos ta hasi\u00e9"},"content":{"rendered":"<p>Rekonos\u00e9, esei ta nos sekreto. E personahenan, e idioma, e muzik, tur ta loke bo ta tende i loke bo ta mira. Bo ta sinti\u00e9. E dol\u00f3, e inhustisia, e amor, e felisidat. Bo ta laga bo mes bai den e bos di e aktornan. Pa un otro mundu, un otro tempu. I asina bo ta deskubr\u00ed forsa di teatro. Esaki ta bo kuenta tambe.       <\/p>\n<p>Disfrut\u00e1 di e presentashon. Sinta k\u00f3modo, pero pone bo orea na prim. Nos gusta tende bo sesu krak. Nos obranan semper ta tokante problemanan sosial grandi i desafionan importante. Un figura hist\u00f3riko, e mundu di droga, un famia di un mayor. Esaki ta teatro ku harimentu I yoramentu, karg\u00e1 ku humor i emoshon, meskos ku bida real. Pero tambe trib\u00ed, vibrante, ku ta stimul\u00e1 i reta.      <\/p>\n<p>Bo ta mira bo mes den e mucha ku ta krese sin tata? Bo tin un amiga ku ta adikto na droga? Bo ta kere ku bo ta liber? Bo por hasi loke mas bo gusta? Bo por ta ken bo ta di b\u00e8rdat? Paga tinu! Nos presentashonnan ta gara bo. Nos ta spera ku nos ta pone bo pensa i inspir\u00e1 bo.       <\/p>\n<p>E kortina ta baha, pero e presentashon ta sigui. Den nos salon teatral i den skolnan. P\u00fabliko ta sigui diskut\u00ed. Alumnonan i dosentenan ta profundis\u00e1 riba e tema. Den e periodo di 2025-2028 e tema ta libertat. Bas\u00e1 riba nos obranan h\u00f3ben i adulto ta buska huntu esensia di libertat i demokrasia, inspir\u00e1 pa nos produkshonnan. Kiko esaki ta nifik\u00e1 pa bo bida i bo manera di pensa?      <\/p>\n","protected":false},"excerpt":{"rendered":"<p>Rekonos\u00e9, esei ta nos sekreto. E personahenan, e idioma, e muzik, tur ta loke bo ta tende i loke bo ta mira. Bo ta sinti\u00e9. E dol\u00f3, e inhustisia, e [&hellip;]<\/p>\n","protected":false},"author":6,"featured_media":3899,"parent":0,"menu_order":230,"comment_status":"closed","ping_status":"closed","template":"","meta":{"_et_pb_use_builder":"","_et_pb_old_content":"","_et_gb_content_width":"","_vp_format_video_url":"","_vp_image_focal_point":[],"footnotes":""},"class_list":["post-3898","page","type-page","status-publish","has-post-thumbnail","hentry"],"_links":{"self":[{"href":"https:\/\/teatrokadaken.org\/pap\/wp-json\/wp\/v2\/pages\/3898","targetHints":{"allow":["GET"]}}],"collection":[{"href":"https:\/\/teatrokadaken.org\/pap\/wp-json\/wp\/v2\/pages"}],"about":[{"href":"https:\/\/teatrokadaken.org\/pap\/wp-json\/wp\/v2\/types\/page"}],"author":[{"embeddable":true,"href":"https:\/\/teatrokadaken.org\/pap\/wp-json\/wp\/v2\/users\/6"}],"replies":[{"embeddable":true,"href":"https:\/\/teatrokadaken.org\/pap\/wp-json\/wp\/v2\/comments?post=3898"}],"version-history":[{"count":0,"href":"https:\/\/teatrokadaken.org\/pap\/wp-json\/wp\/v2\/pages\/3898\/revisions"}],"wp:featuredmedia":[{"embeddable":true,"href":"https:\/\/teatrokadaken.org\/pap\/wp-json\/wp\/v2\/media\/3899"}],"wp:attachment":[{"href":"https:\/\/teatrokadaken.org\/pap\/wp-json\/wp\/v2\/media?parent=3898"}],"curies":[{"name":"wp","href":"https:\/\/api.w.org\/{rel}","templated":true}]}}