{"id":3900,"date":"2026-02-02T11:54:40","date_gmt":"2026-02-02T15:54:40","guid":{"rendered":"https:\/\/teatrokadaken.wp.kukiko.com\/loke-nos-ta-palabra-ku-otro\/"},"modified":"2026-02-02T11:54:40","modified_gmt":"2026-02-02T15:54:40","slug":"loke-nos-ta-palabra-ku-otro","status":"publish","type":"page","link":"https:\/\/teatrokadaken.org\/pap\/loke-nos-ta-palabra-ku-otro\/","title":{"rendered":"Loke nos ta palabr\u00e1 ku otro"},"content":{"rendered":"<p>Loke nos ta palabr\u00e1 ku otro <br \/>Nos ta para pa diversidat i inklushon, i pa un kompensashon hustu pa tur hende ku nos ta traha huntu. Nos ke pa tur hende ha\u00f1a un oportunidat. Pa esei, nos ta traha ku un pol\u00edtika di pago, nos tin un prosedura pa preven\u00ed konflikto di interes, i nos ta usa e Governance Code Culture komo nos guia. Un akuerdo ta un akuerdo.   <\/p>\n<h3>Nos pol\u00edtika di pago<\/h3>\n<p>E miembronan di direktiva di Stichting Teatro KadaKen no ta risib\u00ed pago pa nan trabou, pero nan ta risib\u00ed un kompensashon pa gastu ku nan hasi den nan r\u00f2l di miembro di direktiva.<br \/>\nE profeshonalnan eksperto i esnan ku ta kumins\u00e1, manera direktor teatral, outor di obra, m\u00fasiko i aktor, ta risib\u00ed pago segun e tarifa us\u00e1 den e sektor kultural di K\u00f2rsou. E kompensashon ta komparabel ku loke un kolega den ense\u00f1ansa ta risib\u00ed. <\/p>\n<p>Bo ke sa kon nos ta evit\u00e1 konflikto di interes? E seis pasonan di e prosedura bo por ha\u00f1a ak\u00ed. <\/p>\n<p>Bo ke sa mas tokante di Governance Code Culture i kon direktiva i gerensia di Teatro KadaKen ta aplik\u00e1 esaki? E dokumento ku tur e informashon bo por ha\u00f1a aki. <\/p>\n","protected":false},"excerpt":{"rendered":"<p>Loke nos ta palabr\u00e1 ku otro Nos ta para pa diversidat i inklushon, i pa un kompensashon hustu pa tur hende ku nos ta traha huntu. Nos ke pa tur [&hellip;]<\/p>\n","protected":false},"author":6,"featured_media":4169,"parent":0,"menu_order":250,"comment_status":"closed","ping_status":"closed","template":"","meta":{"_et_pb_use_builder":"","_et_pb_old_content":"","_et_gb_content_width":"","_vp_format_video_url":"","_vp_image_focal_point":[],"footnotes":""},"class_list":["post-3900","page","type-page","status-publish","has-post-thumbnail","hentry"],"_links":{"self":[{"href":"https:\/\/teatrokadaken.org\/pap\/wp-json\/wp\/v2\/pages\/3900","targetHints":{"allow":["GET"]}}],"collection":[{"href":"https:\/\/teatrokadaken.org\/pap\/wp-json\/wp\/v2\/pages"}],"about":[{"href":"https:\/\/teatrokadaken.org\/pap\/wp-json\/wp\/v2\/types\/page"}],"author":[{"embeddable":true,"href":"https:\/\/teatrokadaken.org\/pap\/wp-json\/wp\/v2\/users\/6"}],"replies":[{"embeddable":true,"href":"https:\/\/teatrokadaken.org\/pap\/wp-json\/wp\/v2\/comments?post=3900"}],"version-history":[{"count":0,"href":"https:\/\/teatrokadaken.org\/pap\/wp-json\/wp\/v2\/pages\/3900\/revisions"}],"wp:featuredmedia":[{"embeddable":true,"href":"https:\/\/teatrokadaken.org\/pap\/wp-json\/wp\/v2\/media\/4169"}],"wp:attachment":[{"href":"https:\/\/teatrokadaken.org\/pap\/wp-json\/wp\/v2\/media?parent=3900"}],"curies":[{"name":"wp","href":"https:\/\/api.w.org\/{rel}","templated":true}]}}