{"id":3901,"date":"2026-02-02T13:50:21","date_gmt":"2026-02-02T17:50:21","guid":{"rendered":"https:\/\/teatrokadaken.wp.kukiko.com\/teatro-aula\/"},"modified":"2026-02-10T16:16:16","modified_gmt":"2026-02-10T20:16:16","slug":"teatro-aula","status":"publish","type":"page","link":"https:\/\/teatrokadaken.org\/pap\/teatro-aula\/","title":{"rendered":"Teatro Aula"},"content":{"rendered":"<p>[et_pb_section fb_built=&#8221;1&#8243; fullwidth=&#8221;on&#8221; module_id=&#8221;slider-home&#8221; _builder_version=&#8221;4.16&#8243; inner_width_tablet=&#8221;50px&#8221; inner_max_width_tablet=&#8221;100px&#8221; inner_max_width_phone=&#8221;50px&#8221; bottom_divider_style=&#8221;slant&#8221; bottom_divider_color=&#8221;#f9f5f5&#8243; bottom_divider_flip=&#8221;horizontal&#8221; animation_direction=&#8221;top&#8221; z_index_tablet=&#8221;500&#8243; box_shadow_horizontal_tablet=&#8221;0px&#8221; box_shadow_vertical_tablet=&#8221;0px&#8221; box_shadow_blur_tablet=&#8221;40px&#8221; box_shadow_spread_tablet=&#8221;0px&#8221; locked=&#8221;off&#8221; global_colors_info=&#8221;{}&#8221;][et_pb_fullwidth_slider use_bg_overlay=&#8221;off&#8221; use_text_overlay=&#8221;off&#8221; _builder_version=&#8221;4.16&#8243; custom_padding=&#8221;200px||200px|&#8221; animation_style=&#8221;fade&#8221; animation_duration=&#8221;5000ms&#8221; animation_speed_curve=&#8221;ease-in&#8221; auto=&#8221;on&#8221; auto_ignore_hover=&#8221;on&#8221; z_index_tablet=&#8221;500&#8243; header_text_shadow_horizontal_length_tablet=&#8221;0px&#8221; header_text_shadow_vertical_length_tablet=&#8221;0px&#8221; header_text_shadow_blur_strength_tablet=&#8221;1px&#8221; body_text_shadow_horizontal_length_tablet=&#8221;0px&#8221; body_text_shadow_vertical_length_tablet=&#8221;0px&#8221; body_text_shadow_blur_strength_tablet=&#8221;1px&#8221; body_link_text_shadow_horizontal_length_tablet=&#8221;0px&#8221; body_link_text_shadow_vertical_length_tablet=&#8221;0px&#8221; body_link_text_shadow_blur_strength_tablet=&#8221;1px&#8221; body_ul_text_shadow_horizontal_length_tablet=&#8221;0px&#8221; body_ul_text_shadow_vertical_length_tablet=&#8221;0px&#8221; body_ul_text_shadow_blur_strength_tablet=&#8221;1px&#8221; body_ol_text_shadow_horizontal_length_tablet=&#8221;0px&#8221; body_ol_text_shadow_vertical_length_tablet=&#8221;0px&#8221; body_ol_text_shadow_blur_strength_tablet=&#8221;1px&#8221; body_quote_text_shadow_horizontal_length_tablet=&#8221;0px&#8221; body_quote_text_shadow_vertical_length_tablet=&#8221;0px&#8221; body_quote_text_shadow_blur_strength_tablet=&#8221;1px&#8221; button_text_shadow_horizontal_length_tablet=&#8221;0px&#8221; button_text_shadow_vertical_length_tablet=&#8221;0px&#8221; button_text_shadow_blur_strength_tablet=&#8221;1px&#8221; box_shadow_horizontal_tablet=&#8221;0px&#8221; box_shadow_vertical_tablet=&#8221;0px&#8221; box_shadow_blur_tablet=&#8221;40px&#8221; box_shadow_spread_tablet=&#8221;0px&#8221; box_shadow_horizontal_image_tablet=&#8221;0px&#8221; box_shadow_vertical_image_tablet=&#8221;0px&#8221; box_shadow_blur_image_tablet=&#8221;40px&#8221; box_shadow_spread_image_tablet=&#8221;0px&#8221; box_shadow_horizontal_button_tablet=&#8221;0px&#8221; box_shadow_vertical_button_tablet=&#8221;0px&#8221; box_shadow_blur_button_tablet=&#8221;40px&#8221; box_shadow_spread_button_tablet=&#8221;0px&#8221; text_shadow_horizontal_length_tablet=&#8221;0px&#8221; text_shadow_vertical_length_tablet=&#8221;0px&#8221; text_shadow_blur_strength_tablet=&#8221;1px&#8221; global_colors_info=&#8221;{}&#8221;][et_pb_slide use_bg_overlay=&#8221;off&#8221; use_text_overlay=&#8221;off&#8221; _builder_version=&#8221;4.16&#8243; background_color=&#8221;#ffffff&#8221; background_image=&#8221;https:\/\/teatrokadaken.wp.kukiko.com\/wp-content\/uploads\/sites\/53\/2021\/05\/trap-archief.jpeg&#8221; button_on_hover=&#8221;on&#8221; background_color_gradient_direction_tablet=&#8221;180deg&#8221; background_color_gradient_direction_phone=&#8221;180deg&#8221; background_color_gradient_stops_tablet=&#8221;#2b87da 0%|#29c4a9 100%&#8221; background_color_gradient_stops_phone=&#8221;#2b87da 0%|#29c4a9 100%&#8221; background_color_gradient_start_position_tablet=&#8221;0%&#8221; background_color_gradient_start_position_phone=&#8221;0%&#8221; background_color_gradient_end_position_tablet=&#8221;100%&#8221; background_color_gradient_end_position_phone=&#8221;100%&#8221; child_filter_hue_rotate_tablet=&#8221;0deg&#8221; child_filter_hue_rotate_phone=&#8221;0deg&#8221; child_filter_saturate_tablet=&#8221;100%&#8221; child_filter_saturate_phone=&#8221;100%&#8221; child_filter_brightness_tablet=&#8221;100%&#8221; child_filter_brightness_phone=&#8221;100%&#8221; child_filter_contrast_tablet=&#8221;100%&#8221; child_filter_contrast_phone=&#8221;100%&#8221; child_filter_invert_tablet=&#8221;0%&#8221; child_filter_invert_phone=&#8221;0%&#8221; child_filter_sepia_tablet=&#8221;0%&#8221; child_filter_sepia_phone=&#8221;0%&#8221; child_filter_opacity_tablet=&#8221;100%&#8221; child_filter_opacity_phone=&#8221;100%&#8221; child_filter_blur_tablet=&#8221;0px&#8221; child_filter_blur_phone=&#8221;0px&#8221; hover_transition_duration_tablet=&#8221;300ms&#8221; hover_transition_duration_phone=&#8221;300ms&#8221; hover_transition_delay_tablet=&#8221;0ms&#8221; hover_transition_delay_phone=&#8221;0ms&#8221; header_text_shadow_horizontal_length_tablet=&#8221;0em&#8221; header_text_shadow_horizontal_length_phone=&#8221;0em&#8221; header_text_shadow_vertical_length_tablet=&#8221;0em&#8221; header_text_shadow_vertical_length_phone=&#8221;0em&#8221; header_text_shadow_blur_strength_tablet=&#8221;0em&#8221; header_text_shadow_blur_strength_phone=&#8221;0em&#8221; body_text_shadow_horizontal_length_tablet=&#8221;0em&#8221; body_text_shadow_horizontal_length_phone=&#8221;0em&#8221; body_text_shadow_vertical_length_tablet=&#8221;0em&#8221; body_text_shadow_vertical_length_phone=&#8221;0em&#8221; body_text_shadow_blur_strength_tablet=&#8221;0em&#8221; body_text_shadow_blur_strength_phone=&#8221;0em&#8221; body_link_text_shadow_horizontal_length_tablet=&#8221;0px&#8221; body_link_text_shadow_horizontal_length_phone=&#8221;0px&#8221; body_link_text_shadow_vertical_length_tablet=&#8221;0px&#8221; body_link_text_shadow_vertical_length_phone=&#8221;0px&#8221; body_link_text_shadow_blur_strength_tablet=&#8221;1px&#8221; body_link_text_shadow_blur_strength_phone=&#8221;1px&#8221; body_ul_text_shadow_horizontal_length_tablet=&#8221;0px&#8221; body_ul_text_shadow_horizontal_length_phone=&#8221;0px&#8221; body_ul_text_shadow_vertical_length_tablet=&#8221;0px&#8221; body_ul_text_shadow_vertical_length_phone=&#8221;0px&#8221; body_ul_text_shadow_blur_strength_tablet=&#8221;1px&#8221; body_ul_text_shadow_blur_strength_phone=&#8221;1px&#8221; body_ol_text_shadow_horizontal_length_tablet=&#8221;0px&#8221; body_ol_text_shadow_horizontal_length_phone=&#8221;0px&#8221; body_ol_text_shadow_vertical_length_tablet=&#8221;0px&#8221; body_ol_text_shadow_vertical_length_phone=&#8221;0px&#8221; body_ol_text_shadow_blur_strength_tablet=&#8221;1px&#8221; body_ol_text_shadow_blur_strength_phone=&#8221;1px&#8221; body_quote_text_shadow_horizontal_length_tablet=&#8221;0px&#8221; body_quote_text_shadow_horizontal_length_phone=&#8221;0px&#8221; body_quote_text_shadow_vertical_length_tablet=&#8221;0px&#8221; body_quote_text_shadow_vertical_length_phone=&#8221;0px&#8221; body_quote_text_shadow_blur_strength_tablet=&#8221;1px&#8221; body_quote_text_shadow_blur_strength_phone=&#8221;1px&#8221; button_text_shadow_horizontal_length_tablet=&#8221;0em&#8221; button_text_shadow_horizontal_length_phone=&#8221;0em&#8221; button_text_shadow_vertical_length_tablet=&#8221;0em&#8221; button_text_shadow_vertical_length_phone=&#8221;0em&#8221; button_text_shadow_blur_strength_tablet=&#8221;0em&#8221; button_text_shadow_blur_strength_phone=&#8221;0em&#8221; box_shadow_horizontal_image_tablet=&#8221;0px&#8221; box_shadow_horizontal_image_phone=&#8221;0px&#8221; box_shadow_vertical_image_tablet=&#8221;0px&#8221; box_shadow_vertical_image_phone=&#8221;0px&#8221; box_shadow_blur_image_tablet=&#8221;40px&#8221; box_shadow_blur_image_phone=&#8221;40px&#8221; box_shadow_spread_image_tablet=&#8221;0px&#8221; box_shadow_spread_image_phone=&#8221;0px&#8221; box_shadow_horizontal_button_tablet=&#8221;0px&#8221; box_shadow_horizontal_button_phone=&#8221;0px&#8221; box_shadow_vertical_button_tablet=&#8221;0px&#8221; box_shadow_vertical_button_phone=&#8221;0px&#8221; box_shadow_blur_button_tablet=&#8221;40px&#8221; box_shadow_blur_button_phone=&#8221;40px&#8221; box_shadow_spread_button_tablet=&#8221;0px&#8221; box_shadow_spread_button_phone=&#8221;0px&#8221; text_shadow_horizontal_length_tablet=&#8221;0em&#8221; text_shadow_horizontal_length_phone=&#8221;0em&#8221; text_shadow_vertical_length_tablet=&#8221;0em&#8221; text_shadow_vertical_length_phone=&#8221;0em&#8221; text_shadow_blur_strength_tablet=&#8221;0em&#8221; text_shadow_blur_strength_phone=&#8221;0em&#8221; global_colors_info=&#8221;{}&#8221; sticky_transition=&#8221;on&#8221;][\/et_pb_slide][et_pb_slide use_bg_overlay=&#8221;off&#8221; use_text_overlay=&#8221;off&#8221; _builder_version=&#8221;4.16&#8243; background_color=&#8221;#ffffff&#8221; background_color_gradient_direction=&#8221;90deg&#8221; background_image=&#8221;https:\/\/teatrokadaken.wp.kukiko.com\/wp-content\/uploads\/sites\/53\/2021\/05\/trap-nu.jpeg&#8221; button_on_hover=&#8221;on&#8221; background_color_gradient_direction_tablet=&#8221;90deg&#8221; background_color_gradient_direction_phone=&#8221;90deg&#8221; background_color_gradient_stops_tablet=&#8221;#2b87da 0%|#29c4a9 100%&#8221; background_color_gradient_stops_phone=&#8221;#2b87da 0%|#29c4a9 100%&#8221; background_color_gradient_start_position_tablet=&#8221;0%&#8221; background_color_gradient_start_position_phone=&#8221;0%&#8221; background_color_gradient_end_position_tablet=&#8221;100%&#8221; background_color_gradient_end_position_phone=&#8221;100%&#8221; child_filter_hue_rotate_tablet=&#8221;0deg&#8221; child_filter_hue_rotate_phone=&#8221;0deg&#8221; child_filter_saturate_tablet=&#8221;100%&#8221; child_filter_saturate_phone=&#8221;100%&#8221; child_filter_brightness_tablet=&#8221;100%&#8221; child_filter_brightness_phone=&#8221;100%&#8221; child_filter_contrast_tablet=&#8221;100%&#8221; child_filter_contrast_phone=&#8221;100%&#8221; child_filter_invert_tablet=&#8221;0%&#8221; child_filter_invert_phone=&#8221;0%&#8221; child_filter_sepia_tablet=&#8221;0%&#8221; child_filter_sepia_phone=&#8221;0%&#8221; child_filter_opacity_tablet=&#8221;100%&#8221; child_filter_opacity_phone=&#8221;100%&#8221; child_filter_blur_tablet=&#8221;0px&#8221; child_filter_blur_phone=&#8221;0px&#8221; hover_transition_duration_tablet=&#8221;300ms&#8221; hover_transition_duration_phone=&#8221;300ms&#8221; hover_transition_delay_tablet=&#8221;0ms&#8221; hover_transition_delay_phone=&#8221;0ms&#8221; header_text_shadow_horizontal_length_tablet=&#8221;0em&#8221; header_text_shadow_horizontal_length_phone=&#8221;0em&#8221; header_text_shadow_vertical_length_tablet=&#8221;0em&#8221; header_text_shadow_vertical_length_phone=&#8221;0em&#8221; header_text_shadow_blur_strength_tablet=&#8221;0em&#8221; header_text_shadow_blur_strength_phone=&#8221;0em&#8221; body_text_shadow_horizontal_length_tablet=&#8221;0em&#8221; body_text_shadow_horizontal_length_phone=&#8221;0em&#8221; body_text_shadow_vertical_length_tablet=&#8221;0em&#8221; body_text_shadow_vertical_length_phone=&#8221;0em&#8221; body_text_shadow_blur_strength_tablet=&#8221;0em&#8221; body_text_shadow_blur_strength_phone=&#8221;0em&#8221; body_link_text_shadow_horizontal_length_tablet=&#8221;0px&#8221; body_link_text_shadow_horizontal_length_phone=&#8221;0px&#8221; body_link_text_shadow_vertical_length_tablet=&#8221;0px&#8221; body_link_text_shadow_vertical_length_phone=&#8221;0px&#8221; body_link_text_shadow_blur_strength_tablet=&#8221;1px&#8221; body_link_text_shadow_blur_strength_phone=&#8221;1px&#8221; body_ul_text_shadow_horizontal_length_tablet=&#8221;0px&#8221; body_ul_text_shadow_horizontal_length_phone=&#8221;0px&#8221; body_ul_text_shadow_vertical_length_tablet=&#8221;0px&#8221; body_ul_text_shadow_vertical_length_phone=&#8221;0px&#8221; body_ul_text_shadow_blur_strength_tablet=&#8221;1px&#8221; body_ul_text_shadow_blur_strength_phone=&#8221;1px&#8221; body_ol_text_shadow_horizontal_length_tablet=&#8221;0px&#8221; body_ol_text_shadow_horizontal_length_phone=&#8221;0px&#8221; body_ol_text_shadow_vertical_length_tablet=&#8221;0px&#8221; body_ol_text_shadow_vertical_length_phone=&#8221;0px&#8221; body_ol_text_shadow_blur_strength_tablet=&#8221;1px&#8221; body_ol_text_shadow_blur_strength_phone=&#8221;1px&#8221; body_quote_text_shadow_horizontal_length_tablet=&#8221;0px&#8221; body_quote_text_shadow_horizontal_length_phone=&#8221;0px&#8221; body_quote_text_shadow_vertical_length_tablet=&#8221;0px&#8221; body_quote_text_shadow_vertical_length_phone=&#8221;0px&#8221; body_quote_text_shadow_blur_strength_tablet=&#8221;1px&#8221; body_quote_text_shadow_blur_strength_phone=&#8221;1px&#8221; button_text_shadow_horizontal_length_tablet=&#8221;0em&#8221; button_text_shadow_horizontal_length_phone=&#8221;0em&#8221; button_text_shadow_vertical_length_tablet=&#8221;0em&#8221; button_text_shadow_vertical_length_phone=&#8221;0em&#8221; button_text_shadow_blur_strength_tablet=&#8221;0em&#8221; button_text_shadow_blur_strength_phone=&#8221;0em&#8221; box_shadow_horizontal_image_tablet=&#8221;0px&#8221; box_shadow_horizontal_image_phone=&#8221;0px&#8221; box_shadow_vertical_image_tablet=&#8221;0px&#8221; box_shadow_vertical_image_phone=&#8221;0px&#8221; box_shadow_blur_image_tablet=&#8221;40px&#8221; box_shadow_blur_image_phone=&#8221;40px&#8221; box_shadow_spread_image_tablet=&#8221;0px&#8221; box_shadow_spread_image_phone=&#8221;0px&#8221; box_shadow_horizontal_button_tablet=&#8221;0px&#8221; box_shadow_horizontal_button_phone=&#8221;0px&#8221; box_shadow_vertical_button_tablet=&#8221;0px&#8221; box_shadow_vertical_button_phone=&#8221;0px&#8221; box_shadow_blur_button_tablet=&#8221;40px&#8221; box_shadow_blur_button_phone=&#8221;40px&#8221; box_shadow_spread_button_tablet=&#8221;0px&#8221; box_shadow_spread_button_phone=&#8221;0px&#8221; text_shadow_horizontal_length_tablet=&#8221;0em&#8221; text_shadow_horizontal_length_phone=&#8221;0em&#8221; text_shadow_vertical_length_tablet=&#8221;0em&#8221; text_shadow_vertical_length_phone=&#8221;0em&#8221; text_shadow_blur_strength_tablet=&#8221;0em&#8221; text_shadow_blur_strength_phone=&#8221;0em&#8221; global_colors_info=&#8221;{}&#8221; sticky_transition=&#8221;on&#8221;][\/et_pb_slide][\/et_pb_fullwidth_slider][\/et_pb_section][et_pb_section fb_built=&#8221;1&#8243; module_class=&#8221;background&#8221; _builder_version=&#8221;4.27.4&#8243; background_color=&#8221;#f9f5f5&#8243; parallax=&#8221;on&#8221; custom_padding=&#8221;0px|0px|80px|0px&#8221; bottom_divider_color=&#8221;#070707&#8243; bottom_divider_flip=&#8221;horizontal&#8221; bottom_divider_arrangement=&#8221;above_content&#8221; global_colors_info=&#8221;{}&#8221;][et_pb_row column_structure=&#8221;3_5,2_5&#8243; use_custom_gutter=&#8221;on&#8221; gutter_width=&#8221;2&#8243; module_class=&#8221; et_pb_row_fullwidth et_pb_row_fullwidth&#8221; _builder_version=&#8221;4.27.4&#8243; background_enable_color=&#8221;off&#8221; background_color_gradient_start=&#8221;#f9f5f5&#8243; background_color_gradient_end=&#8221;rgba(255,255,255,0.8)&#8221; width=&#8221;89%&#8221; width_tablet=&#8221;80%&#8221; width_phone=&#8221;&#8221; width_last_edited=&#8221;on|desktop&#8221; max_width=&#8221;89%&#8221; max_width_tablet=&#8221;80%&#8221; max_width_phone=&#8221;&#8221; max_width_last_edited=&#8221;on|desktop&#8221; custom_padding=&#8221;30px|30px||30px&#8221; make_fullwidth=&#8221;on&#8221; global_colors_info=&#8221;{}&#8221;][et_pb_column type=&#8221;3_5&#8243; _builder_version=&#8221;4.16&#8243; custom_padding=&#8221;|||&#8221; global_colors_info=&#8221;{}&#8221; custom_padding__hover=&#8221;|||&#8221;][et_pb_post_title meta=&#8221;off&#8221; featured_image=&#8221;off&#8221; _builder_version=&#8221;4.27.4&#8243; _module_preset=&#8221;default&#8221; hover_enabled=&#8221;0&#8243; global_colors_info=&#8221;{}&#8221; title_font_size=&#8221;30px&#8221; sticky_enabled=&#8221;0&#8243;][\/et_pb_post_title][et_pb_text _builder_version=&#8221;4.27.4&#8243; _module_preset=&#8221;default&#8221; global_colors_info=&#8221;{}&#8221;]<\/p>\n<h2>Sala di ekspreshon<\/h2>\n<p>E sede di Teatro KadaKen ta Teatro Aula na Wishi.<br \/>A konstru\u00ed e espasio den a\u00f1a 1930 den edifisio di Huize Welgelegen, mi konos\u00ed komo Habaai. Den e tempu ei, e edifisio grandi for di siglo 19 tabata un internat pa mucha muh\u00e9 di famia pudiente for di region.  <\/p>\n<p>For di 1864, Z\u00f9sternan di Roosendaal tabata tin e mando. Imagin\u00e1 bo: durante d\u00e9kadanan e muchanan riku ta baila, kanta i por ta aktua den e &#8220;sala pa ekspreshon&#8221; ak\u00ed. Pero sin p\u00fabliko. Yunan di famia ku por a paga mas tabata tuma l\u00e8s di piano \u00f2f pr\u00e1ktika un instrumento di ku\u00e8rd\u00e8.    <\/p>\n<p>Tur mucha tabata risib\u00ed l\u00e8s den: Kasteyano, Franses, Ingles,Italiano, Aleman, pero tambe kaligrafia, deklamashon, literatura, matem\u00e1tika, siensia natural i historia di beibel i iglesia.<br \/>Pasobra na e internat ak\u00ed, e z\u00f9sternan tabata tambe forma e h\u00f3bennan religioso i traha riba loke nan a yama \u201ce bondatnan di kurason\u201d. <\/p>\n<h2>Ba\u00f1o ku awa dushi<\/h2>\n<p>Den e prom\u00e9 desenionan di siglo 20, &#8220;Colegio del Sagrado Coraz\u00f3n&#8221;, \u00f2f Heilig Hart College, tabata un skol prestigioso. E edifisio na plantashon Welgelegen tabata den bon estado: klas i kamber espasioso, ventil\u00e1, limpi, ba\u00f1o ku awa dushi, i un patio. Af\u00f3 tabatin un kancha di t\u00e8nis.<br \/>Den 1930, e internat a risib\u00ed un ala nobo ku kuater klas, un oula i un kushina pa skol dom\u00e9stiko. Hopi moderno pa e tempu ei. Riba e oula a traha un sala di drumi grandi ku muraya di palu di eiken. Den e asina yama \u2018chambrette\u2019 bo tabata tin algu mas di privasidat.      <\/p>\n<p>For di 1943, e internat a bira un kas di kuido bou di e n\u00f2mber Huize Welgelegen. Pa un tempu e oula a keda lug\u00e1 kaminda muchanan di skol i adultonan manera m\u00fasiko di jazz famoso Angel Salsbach i pianista kompositor Edgar Palm tabata tene nan presentashon. Tur dos m\u00fasiko no tei ku nos mas.<br \/>Awor Teatro Aula, den edifisio di kuido, a bira atrobe un sentro pa arte, teatro i kultura.<br \/>bo no ta ha\u00f1a ta un kos maravioso ku bieu i h\u00f3ben ta bin huntu bou un mesun dak?    <\/p>\n<h2>Gloria bieu<\/h2>\n<p>\u201cNos ta spera ku ofisialmente e a\u00f1a ak\u00ed ta rekonos\u00e9 e edifisio komo un monumento proteh\u00e1, ya asina e por bin na remarke pa uso di fondo di Monumentenfonds pa restour\u00e1 e edifisio,\u201d e korant Antilliaans Dagblad di 26 di nov\u00e8mber 2021 ta sita eksperto Michael Newton Newton a bisa esaki na apertura ofisial di Teatro Aula. A tuma un tiki mas tempu, pero den 2022 Huize Welgelegen a risib\u00ed status di monumento proteh\u00e1.  <\/p>\n<p>Newton a propon\u00e9 den 2021 pa restour\u00e1 e aula \u201cden su splendor original\u201d. Prom\u00e9 paso: un gran invershon den sistema di lus i zonido\u2014fundamental pa kualke teatro. Pero esei ta ap\u00e9nas kuminsamentu. E yudansa di hende ku ta sint\u00ed nan mes konekt\u00e1 ku desaroyo di arte di podio ta esensial. Nan ta nos defensornan , nos aliado. Personanan manera Etienne Pieters i Tania Kross.      <\/p>\n<h2>Teatro moderno den gloria bieu<\/h2>\n<p>Huntu, nos a tuma e prom\u00e9 paso. Den 2022 i 2023, durante e aktividat di Boluntario Cura Doet, huntu ku empleado di kompania, amigunan i artistanan, nos a yuda limpia i f\u00e8rf e sala monumental. Den 2025, Teatro Aula lo ta kompletamente kla, instal\u00e1 manera teatro profeshonal. Esaki ta nos mucha. Nos ta kuid\u2019\u00e9.    <\/p>\n<p>Teatro KadaKen ta gusta akshon. Nos a tuma e inisiativa pa hasi un plan di renovashon segun e regla di Monumentenzorg. E plan di Jurgenys Lichtenberg, studiante di Fakultat T\u00e9kniko di University of Cura\u00e7ao (UoC), ta kla den 2024. Nos por sigui. Nos ta bai renov\u00e1. Nos ta konserv\u00e1 loke tin balor i bon, i nos ta agreg\u00e1 loke ta moderno i nesesario pa un nivel profeshonal.<br \/>E ta bai pasa. Esaki ta e sentro di arte di podio na K\u00f2rsou.<br \/>Tur hende por sa: Aki ta kaminda kos ta pasa \u2014 na Teatro Aula!        <\/p>\n<p>[\/et_pb_text][\/et_pb_column][et_pb_column type=&#8221;2_5&#8243; _builder_version=&#8221;4.16&#8243; custom_padding=&#8221;|||&#8221; global_colors_info=&#8221;{}&#8221; custom_padding__hover=&#8221;|||&#8221;][et_pb_image src=&#8221;https:\/\/teatrokadaken.wp.kukiko.com\/wp-content\/uploads\/sites\/53\/2026\/02\/Etienne-e1770747023113.jpeg&#8221; title_text=&#8221;Etienne&#8221; _builder_version=&#8221;4.27.4&#8243; _module_preset=&#8221;default&#8221; width=&#8221;50%&#8221; border_radii=&#8221;on|200px|200px|200px|200px&#8221; border_width_all=&#8221;10px&#8221; border_color_all=&#8221;gcid-primary-color&#8221; global_colors_info=&#8221;{%22gcid-primary-color%22:%91%22border_color_all%22%93}&#8221;][\/et_pb_image][et_pb_text _builder_version=&#8221;4.27.4&#8243; _module_preset=&#8221;default&#8221; global_colors_info=&#8221;{}&#8221;]<\/p>\n<h2>Etienne Pieters<\/h2>\n<p>Etienne ta e t\u00e9kniko di kas pa Teatro Aula. Huntu ku Lou Nisbet, el a pensa kon e infrastruktura t\u00e9kniko mester ta, i a duna konseho riba aparato ku ta nesesario i nan kosto. E plan detay\u00e1 i e sk\u00e8ch di infrastruktura, ta loke na su bes Tania Kross por a usa na momentu di kumpr\u00e1 aparato.  <\/p>\n<p>[\/et_pb_text][et_pb_image src=&#8221;https:\/\/teatrokadaken.wp.kukiko.com\/wp-content\/uploads\/sites\/53\/2026\/02\/Tania-Kross-e1770747064352-1.jpg&#8221; title_text=&#8221;Tania-Kross-e1770747064352&#8243; _builder_version=&#8221;4.27.4&#8243; _module_preset=&#8221;default&#8221; width=&#8221;50%&#8221; border_radii=&#8221;on|200px|200px|200px|200px&#8221; border_width_all=&#8221;10px&#8221; border_color_all=&#8221;gcid-primary-color&#8221; global_colors_info=&#8221;{%22gcid-primary-color%22:%91%22border_color_all%22%93}&#8221;][\/et_pb_image][et_pb_text _builder_version=&#8221;4.27.4&#8243; _module_preset=&#8221;default&#8221; background_color=&#8221;RGBA(255,255,255,0)&#8221; global_colors_info=&#8221;{}&#8221;]<\/p>\n<h2>Tania Kross<\/h2>\n<p>E soprano internashonal Yu Di K\u00f2rsou Tania Kross mesora a mira e potensial di Teatro Aula. E sala hist\u00f3riko tin un ak\u00fastika natural fabuloso: perfekto pa \u00f3pera. Tania ta un luchad\u00f3 fuerte pa un teatro nashonal nobo pa K\u00f2rsou.<br \/>Na 2023, Tania a gana e Premio Johannes Vermeer di Hulanda pa artista den Reino di Hulanda. E hurado a elogi\u00e1 su karera internashonal i su kapasidat pa hasi \u00f3pera aksesibel pa un p\u00fabliko amplio i pa konekt\u00e1 ku gruponan diverso.<br \/>Tania a risib\u00ed \u20ac100,000, ku e por a invert\u00ed den un proyekto kultural na su eskoho. Un parti di e fondo el a invert\u00ed den instalashon t\u00e9kniko di Teatro Aula Habaai.<br \/>Den nov\u00e8mber 2024, el a present\u00e1 su prom\u00e9 show ei: Waya-ki Waya-kas, pa rekoud\u00e1 fondo pa Stichting Nos Teatro K\u00f2rsou.       <\/p>\n<p>[\/et_pb_text][\/et_pb_column][\/et_pb_row][\/et_pb_section]<\/p>\n","protected":false},"excerpt":{"rendered":"<p>Sala di ekspreshon E sede di Teatro KadaKen ta Teatro Aula na Wishi.A konstru\u00ed e espasio den a\u00f1a 1930 den edifisio di Huize Welgelegen, mi konos\u00ed komo Habaai. Den e [&hellip;]<\/p>\n","protected":false},"author":6,"featured_media":0,"parent":0,"menu_order":700,"comment_status":"closed","ping_status":"closed","template":"","meta":{"_et_pb_use_builder":"on","_et_pb_old_content":"","_et_gb_content_width":"","_vp_format_video_url":"","_vp_image_focal_point":[],"footnotes":""},"class_list":["post-3901","page","type-page","status-publish","hentry"],"_links":{"self":[{"href":"https:\/\/teatrokadaken.org\/pap\/wp-json\/wp\/v2\/pages\/3901","targetHints":{"allow":["GET"]}}],"collection":[{"href":"https:\/\/teatrokadaken.org\/pap\/wp-json\/wp\/v2\/pages"}],"about":[{"href":"https:\/\/teatrokadaken.org\/pap\/wp-json\/wp\/v2\/types\/page"}],"author":[{"embeddable":true,"href":"https:\/\/teatrokadaken.org\/pap\/wp-json\/wp\/v2\/users\/6"}],"replies":[{"embeddable":true,"href":"https:\/\/teatrokadaken.org\/pap\/wp-json\/wp\/v2\/comments?post=3901"}],"version-history":[{"count":0,"href":"https:\/\/teatrokadaken.org\/pap\/wp-json\/wp\/v2\/pages\/3901\/revisions"}],"wp:attachment":[{"href":"https:\/\/teatrokadaken.org\/pap\/wp-json\/wp\/v2\/media?parent=3901"}],"curies":[{"name":"wp","href":"https:\/\/api.w.org\/{rel}","templated":true}]}}